
{"id":1763,"date":"2023-12-15T14:01:33","date_gmt":"2023-12-15T14:01:33","guid":{"rendered":"https:\/\/www.aaa.live\/home\/?page_id=1763"},"modified":"2023-12-17T20:50:27","modified_gmt":"2023-12-17T20:50:27","slug":"hoe-maak-je-een-qr-login-voor-jouw-scanpersoneel","status":"publish","type":"page","link":"https:\/\/www.aaa.live\/home\/hoe-maak-je-een-qr-login-voor-jouw-scanpersoneel\/","title":{"rendered":"Hoe maak je een QR Login voor jouw scanpersoneel?"},"content":{"rendered":"","protected":false},"excerpt":{"rendered":"","protected":false},"author":4,"featured_media":0,"parent":0,"menu_order":0,"comment_status":"closed","ping_status":"closed","template":"","meta":{"footnotes":""},"class_list":["post-1763","page","type-page","status-publish","hentry"],"acf":[],"yoast_head":"<!-- This site is optimized with the Yoast SEO Premium plugin v21.7 (Yoast SEO v21.7) - https:\/\/yoast.com\/wordpress\/plugins\/seo\/ -->\n<title>Hoe maak je een QR Login voor jouw scanpersoneel? - AAA<\/title>\n<meta name=\"description\" content=\"Dat kan via de Tiqs event scanner en via je Tiqs account.VIA DE TIQS EVENT SCANNER:De promotor kan, nadat hij is ingelogd met zijn e-mailadres en wachtwoord, een QR Login genereren voor het scanpersoneel via de settings van de scan applicatie. Klik onderin rechts op het &quot;settings&quot;-icoon en vervolgens klik je &quot;Create Login QR&quot; op de 2de regel. Selecteer de tickets (vink ze aan) van het desbetreffende evenement of selecteer alle tickets en klik op de knop &quot;Genereer Login QR-code&quot;. Toon de QR-code aan je scanpersoneel zodat ze ingelogd zijn en meteen kunnen starten met het scannen van de tickets.&gt; inloggen met je email en paswoord &gt; settings &gt; create Login QR &gt; select &gt; Generate Login QR codeVIA JE TIQS ACCOUNT:Via je TIQS-account kun je een QR Login genereren voor het scanpersoneel. Ga naar het hoofdmenu &quot;Ticketverkoop,&quot; klik vervolgens op het submenu &quot;Scanner QR Login.&quot; Vul in de 1ste regel de naam van deze QR-code in (bijv. QR Login + Eventnaam + Datum). Selecteer in de 2de regel \u00e9\u00e9n voor \u00e9\u00e9n de tickets die gescand moeten worden en klik op &quot;Opslaan.&quot; Je kunt de QR-code downloaden, delen en ook nog wijzigen indien nodig via het info-icoon.&gt; Inloggen in je Tiqs account &gt; Ticketverkoop &gt; Scanner QR Login &gt; Naam &gt; Selecteer Tickets &gt; Genereer QR code\" \/>\n<meta name=\"robots\" content=\"index, follow, max-snippet:-1, max-image-preview:large, max-video-preview:-1\" \/>\n<link rel=\"canonical\" href=\"https:\/\/www.aaa.live\/home\/hoe-maak-je-een-qr-login-voor-jouw-scanpersoneel\/\" \/>\n<meta property=\"og:locale\" content=\"en_US\" \/>\n<meta property=\"og:type\" content=\"article\" \/>\n<meta property=\"og:title\" content=\"Hoe maak je een QR Login voor jouw scanpersoneel?\" \/>\n<meta property=\"og:description\" content=\"Dat kan via de Tiqs event scanner en via je Tiqs account.VIA DE TIQS EVENT SCANNER:De promotor kan, nadat hij is ingelogd met zijn e-mailadres en wachtwoord, een QR Login genereren voor het scanpersoneel via de settings van de scan applicatie. Klik onderin rechts op het &quot;settings&quot;-icoon en vervolgens klik je &quot;Create Login QR&quot; op de 2de regel. Selecteer de tickets (vink ze aan) van het desbetreffende evenement of selecteer alle tickets en klik op de knop &quot;Genereer Login QR-code&quot;. Toon de QR-code aan je scanpersoneel zodat ze ingelogd zijn en meteen kunnen starten met het scannen van de tickets.&gt; inloggen met je email en paswoord &gt; settings &gt; create Login QR &gt; select &gt; Generate Login QR codeVIA JE TIQS ACCOUNT:Via je TIQS-account kun je een QR Login genereren voor het scanpersoneel. Ga naar het hoofdmenu &quot;Ticketverkoop,&quot; klik vervolgens op het submenu &quot;Scanner QR Login.&quot; Vul in de 1ste regel de naam van deze QR-code in (bijv. QR Login + Eventnaam + Datum). Selecteer in de 2de regel \u00e9\u00e9n voor \u00e9\u00e9n de tickets die gescand moeten worden en klik op &quot;Opslaan.&quot; Je kunt de QR-code downloaden, delen en ook nog wijzigen indien nodig via het info-icoon.&gt; Inloggen in je Tiqs account &gt; Ticketverkoop &gt; Scanner QR Login &gt; Naam &gt; Selecteer Tickets &gt; Genereer QR code\" \/>\n<meta property=\"og:url\" content=\"https:\/\/www.aaa.live\/home\/hoe-maak-je-een-qr-login-voor-jouw-scanpersoneel\/\" \/>\n<meta property=\"og:site_name\" content=\"AAA\" \/>\n<meta property=\"article:modified_time\" content=\"2023-12-17T20:50:27+00:00\" \/>\n<meta name=\"twitter:card\" content=\"summary_large_image\" \/>\n<meta name=\"twitter:label1\" content=\"Est. reading time\" \/>\n\t<meta name=\"twitter:data1\" content=\"1 minute\" \/>\n<script type=\"application\/ld+json\" class=\"yoast-schema-graph\">{\"@context\":\"https:\/\/schema.org\",\"@graph\":[{\"@type\":\"WebPage\",\"@id\":\"https:\/\/www.aaa.live\/home\/hoe-maak-je-een-qr-login-voor-jouw-scanpersoneel\/\",\"url\":\"https:\/\/www.aaa.live\/home\/hoe-maak-je-een-qr-login-voor-jouw-scanpersoneel\/\",\"name\":\"Hoe maak je een QR Login voor jouw scanpersoneel? - AAA\",\"isPartOf\":{\"@id\":\"https:\/\/www.aaa.live\/home\/#website\"},\"datePublished\":\"2023-12-15T14:01:33+00:00\",\"dateModified\":\"2023-12-17T20:50:27+00:00\",\"description\":\"Dat kan via de Tiqs event scanner en via je Tiqs account.VIA DE TIQS EVENT SCANNER:De promotor kan, nadat hij is ingelogd met zijn e-mailadres en wachtwoord, een QR Login genereren voor het scanpersoneel via de settings van de scan applicatie. Klik onderin rechts op het \\\"settings\\\"-icoon en vervolgens klik je \\\"Create Login QR\\\" op de 2de regel. Selecteer de tickets (vink ze aan) van het desbetreffende evenement of selecteer alle tickets en klik op de knop \\\"Genereer Login QR-code\\\". Toon de QR-code aan je scanpersoneel zodat ze ingelogd zijn en meteen kunnen starten met het scannen van de tickets.> inloggen met je email en paswoord > settings > create Login QR > select > Generate Login QR codeVIA JE TIQS ACCOUNT:Via je TIQS-account kun je een QR Login genereren voor het scanpersoneel. Ga naar het hoofdmenu \\\"Ticketverkoop,\\\" klik vervolgens op het submenu \\\"Scanner QR Login.\\\" Vul in de 1ste regel de naam van deze QR-code in (bijv. QR Login + Eventnaam + Datum). Selecteer in de 2de regel \u00e9\u00e9n voor \u00e9\u00e9n de tickets die gescand moeten worden en klik op \\\"Opslaan.\\\" Je kunt de QR-code downloaden, delen en ook nog wijzigen indien nodig via het info-icoon.> Inloggen in je Tiqs account > Ticketverkoop > Scanner QR Login > Naam > Selecteer Tickets > Genereer QR code\",\"breadcrumb\":{\"@id\":\"https:\/\/www.aaa.live\/home\/hoe-maak-je-een-qr-login-voor-jouw-scanpersoneel\/#breadcrumb\"},\"inLanguage\":\"en-US\",\"potentialAction\":[{\"@type\":\"ReadAction\",\"target\":[\"https:\/\/www.aaa.live\/home\/hoe-maak-je-een-qr-login-voor-jouw-scanpersoneel\/\"]}]},{\"@type\":\"BreadcrumbList\",\"@id\":\"https:\/\/www.aaa.live\/home\/hoe-maak-je-een-qr-login-voor-jouw-scanpersoneel\/#breadcrumb\",\"itemListElement\":[{\"@type\":\"ListItem\",\"position\":1,\"name\":\"Home\",\"item\":\"https:\/\/www.aaa.live\/home\/\"},{\"@type\":\"ListItem\",\"position\":2,\"name\":\"Hoe maak je een QR Login voor jouw scanpersoneel?\"}]},{\"@type\":\"WebSite\",\"@id\":\"https:\/\/www.aaa.live\/home\/#website\",\"url\":\"https:\/\/www.aaa.live\/home\/\",\"name\":\"AAA\",\"description\":\"\",\"publisher\":{\"@id\":\"https:\/\/www.aaa.live\/home\/#organization\"},\"potentialAction\":[{\"@type\":\"SearchAction\",\"target\":{\"@type\":\"EntryPoint\",\"urlTemplate\":\"https:\/\/www.aaa.live\/home\/?s={search_term_string}\"},\"query-input\":\"required name=search_term_string\"}],\"inLanguage\":\"en-US\"},{\"@type\":\"Organization\",\"@id\":\"https:\/\/www.aaa.live\/home\/#organization\",\"name\":\"AAA\",\"url\":\"https:\/\/www.aaa.live\/home\/\",\"logo\":{\"@type\":\"ImageObject\",\"inLanguage\":\"en-US\",\"@id\":\"https:\/\/www.aaa.live\/home\/#\/schema\/logo\/image\/\",\"url\":\"https:\/\/www.aaa.live\/home\/wp-content\/uploads\/2022\/04\/logo-tiqs-6.png\",\"contentUrl\":\"https:\/\/www.aaa.live\/home\/wp-content\/uploads\/2022\/04\/logo-tiqs-6.png\",\"width\":170,\"height\":58,\"caption\":\"AAA\"},\"image\":{\"@id\":\"https:\/\/www.aaa.live\/home\/#\/schema\/logo\/image\/\"}}]}<\/script>\n<!-- \/ Yoast SEO Premium plugin. -->","yoast_head_json":{"title":"Hoe maak je een QR Login voor jouw scanpersoneel? - AAA","description":"Dat kan via de Tiqs event scanner en via je Tiqs account.VIA DE TIQS EVENT SCANNER:De promotor kan, nadat hij is ingelogd met zijn e-mailadres en wachtwoord, een QR Login genereren voor het scanpersoneel via de settings van de scan applicatie. Klik onderin rechts op het \"settings\"-icoon en vervolgens klik je \"Create Login QR\" op de 2de regel. Selecteer de tickets (vink ze aan) van het desbetreffende evenement of selecteer alle tickets en klik op de knop \"Genereer Login QR-code\". Toon de QR-code aan je scanpersoneel zodat ze ingelogd zijn en meteen kunnen starten met het scannen van de tickets.> inloggen met je email en paswoord > settings > create Login QR > select > Generate Login QR codeVIA JE TIQS ACCOUNT:Via je TIQS-account kun je een QR Login genereren voor het scanpersoneel. Ga naar het hoofdmenu \"Ticketverkoop,\" klik vervolgens op het submenu \"Scanner QR Login.\" Vul in de 1ste regel de naam van deze QR-code in (bijv. QR Login + Eventnaam + Datum). Selecteer in de 2de regel \u00e9\u00e9n voor \u00e9\u00e9n de tickets die gescand moeten worden en klik op \"Opslaan.\" Je kunt de QR-code downloaden, delen en ook nog wijzigen indien nodig via het info-icoon.> Inloggen in je Tiqs account > Ticketverkoop > Scanner QR Login > Naam > Selecteer Tickets > Genereer QR code","robots":{"index":"index","follow":"follow","max-snippet":"max-snippet:-1","max-image-preview":"max-image-preview:large","max-video-preview":"max-video-preview:-1"},"canonical":"https:\/\/www.aaa.live\/home\/hoe-maak-je-een-qr-login-voor-jouw-scanpersoneel\/","og_locale":"en_US","og_type":"article","og_title":"Hoe maak je een QR Login voor jouw scanpersoneel?","og_description":"Dat kan via de Tiqs event scanner en via je Tiqs account.VIA DE TIQS EVENT SCANNER:De promotor kan, nadat hij is ingelogd met zijn e-mailadres en wachtwoord, een QR Login genereren voor het scanpersoneel via de settings van de scan applicatie. Klik onderin rechts op het \"settings\"-icoon en vervolgens klik je \"Create Login QR\" op de 2de regel. Selecteer de tickets (vink ze aan) van het desbetreffende evenement of selecteer alle tickets en klik op de knop \"Genereer Login QR-code\". Toon de QR-code aan je scanpersoneel zodat ze ingelogd zijn en meteen kunnen starten met het scannen van de tickets.> inloggen met je email en paswoord > settings > create Login QR > select > Generate Login QR codeVIA JE TIQS ACCOUNT:Via je TIQS-account kun je een QR Login genereren voor het scanpersoneel. Ga naar het hoofdmenu \"Ticketverkoop,\" klik vervolgens op het submenu \"Scanner QR Login.\" Vul in de 1ste regel de naam van deze QR-code in (bijv. QR Login + Eventnaam + Datum). Selecteer in de 2de regel \u00e9\u00e9n voor \u00e9\u00e9n de tickets die gescand moeten worden en klik op \"Opslaan.\" Je kunt de QR-code downloaden, delen en ook nog wijzigen indien nodig via het info-icoon.> Inloggen in je Tiqs account > Ticketverkoop > Scanner QR Login > Naam > Selecteer Tickets > Genereer QR code","og_url":"https:\/\/www.aaa.live\/home\/hoe-maak-je-een-qr-login-voor-jouw-scanpersoneel\/","og_site_name":"AAA","article_modified_time":"2023-12-17T20:50:27+00:00","twitter_card":"summary_large_image","twitter_misc":{"Est. reading time":"1 minute"},"schema":{"@context":"https:\/\/schema.org","@graph":[{"@type":"WebPage","@id":"https:\/\/www.aaa.live\/home\/hoe-maak-je-een-qr-login-voor-jouw-scanpersoneel\/","url":"https:\/\/www.aaa.live\/home\/hoe-maak-je-een-qr-login-voor-jouw-scanpersoneel\/","name":"Hoe maak je een QR Login voor jouw scanpersoneel? - AAA","isPartOf":{"@id":"https:\/\/www.aaa.live\/home\/#website"},"datePublished":"2023-12-15T14:01:33+00:00","dateModified":"2023-12-17T20:50:27+00:00","description":"Dat kan via de Tiqs event scanner en via je Tiqs account.VIA DE TIQS EVENT SCANNER:De promotor kan, nadat hij is ingelogd met zijn e-mailadres en wachtwoord, een QR Login genereren voor het scanpersoneel via de settings van de scan applicatie. Klik onderin rechts op het \"settings\"-icoon en vervolgens klik je \"Create Login QR\" op de 2de regel. Selecteer de tickets (vink ze aan) van het desbetreffende evenement of selecteer alle tickets en klik op de knop \"Genereer Login QR-code\". Toon de QR-code aan je scanpersoneel zodat ze ingelogd zijn en meteen kunnen starten met het scannen van de tickets.> inloggen met je email en paswoord > settings > create Login QR > select > Generate Login QR codeVIA JE TIQS ACCOUNT:Via je TIQS-account kun je een QR Login genereren voor het scanpersoneel. Ga naar het hoofdmenu \"Ticketverkoop,\" klik vervolgens op het submenu \"Scanner QR Login.\" Vul in de 1ste regel de naam van deze QR-code in (bijv. QR Login + Eventnaam + Datum). Selecteer in de 2de regel \u00e9\u00e9n voor \u00e9\u00e9n de tickets die gescand moeten worden en klik op \"Opslaan.\" Je kunt de QR-code downloaden, delen en ook nog wijzigen indien nodig via het info-icoon.> Inloggen in je Tiqs account > Ticketverkoop > Scanner QR Login > Naam > Selecteer Tickets > Genereer QR code","breadcrumb":{"@id":"https:\/\/www.aaa.live\/home\/hoe-maak-je-een-qr-login-voor-jouw-scanpersoneel\/#breadcrumb"},"inLanguage":"en-US","potentialAction":[{"@type":"ReadAction","target":["https:\/\/www.aaa.live\/home\/hoe-maak-je-een-qr-login-voor-jouw-scanpersoneel\/"]}]},{"@type":"BreadcrumbList","@id":"https:\/\/www.aaa.live\/home\/hoe-maak-je-een-qr-login-voor-jouw-scanpersoneel\/#breadcrumb","itemListElement":[{"@type":"ListItem","position":1,"name":"Home","item":"https:\/\/www.aaa.live\/home\/"},{"@type":"ListItem","position":2,"name":"Hoe maak je een QR Login voor jouw scanpersoneel?"}]},{"@type":"WebSite","@id":"https:\/\/www.aaa.live\/home\/#website","url":"https:\/\/www.aaa.live\/home\/","name":"AAA","description":"","publisher":{"@id":"https:\/\/www.aaa.live\/home\/#organization"},"potentialAction":[{"@type":"SearchAction","target":{"@type":"EntryPoint","urlTemplate":"https:\/\/www.aaa.live\/home\/?s={search_term_string}"},"query-input":"required name=search_term_string"}],"inLanguage":"en-US"},{"@type":"Organization","@id":"https:\/\/www.aaa.live\/home\/#organization","name":"AAA","url":"https:\/\/www.aaa.live\/home\/","logo":{"@type":"ImageObject","inLanguage":"en-US","@id":"https:\/\/www.aaa.live\/home\/#\/schema\/logo\/image\/","url":"https:\/\/www.aaa.live\/home\/wp-content\/uploads\/2022\/04\/logo-tiqs-6.png","contentUrl":"https:\/\/www.aaa.live\/home\/wp-content\/uploads\/2022\/04\/logo-tiqs-6.png","width":170,"height":58,"caption":"AAA"},"image":{"@id":"https:\/\/www.aaa.live\/home\/#\/schema\/logo\/image\/"}}]}},"_links":{"self":[{"href":"https:\/\/www.aaa.live\/home\/wp-json\/wp\/v2\/pages\/1763","targetHints":{"allow":["GET"]}}],"collection":[{"href":"https:\/\/www.aaa.live\/home\/wp-json\/wp\/v2\/pages"}],"about":[{"href":"https:\/\/www.aaa.live\/home\/wp-json\/wp\/v2\/types\/page"}],"author":[{"embeddable":true,"href":"https:\/\/www.aaa.live\/home\/wp-json\/wp\/v2\/users\/4"}],"replies":[{"embeddable":true,"href":"https:\/\/www.aaa.live\/home\/wp-json\/wp\/v2\/comments?post=1763"}],"version-history":[{"count":2,"href":"https:\/\/www.aaa.live\/home\/wp-json\/wp\/v2\/pages\/1763\/revisions"}],"predecessor-version":[{"id":1819,"href":"https:\/\/www.aaa.live\/home\/wp-json\/wp\/v2\/pages\/1763\/revisions\/1819"}],"wp:attachment":[{"href":"https:\/\/www.aaa.live\/home\/wp-json\/wp\/v2\/media?parent=1763"}],"curies":[{"name":"wp","href":"https:\/\/api.w.org\/{rel}","templated":true}]}}